{"id":7214,"date":"2021-02-25T12:31:37","date_gmt":"2021-02-25T11:31:37","guid":{"rendered":"https:\/\/www.pidipumo.it\/?post_type=product&#038;p=7214"},"modified":"2024-01-24T04:33:33","modified_gmt":"2024-01-24T03:33:33","slug":"collana-con-pumi-argento","status":"publish","type":"product","link":"https:\/\/www.pidipumo.it\/?product=collana-con-pumi-argento","title":{"rendered":"Collana lunga argento con pumi"},"content":{"rendered":"\t\t<div data-elementor-type=\"wp-post\" data-elementor-id=\"7214\" class=\"elementor elementor-7214\" data-elementor-post-type=\"product\">\n\t\t\t\t\t\t<section class=\"elementor-section elementor-top-section elementor-element elementor-element-3babdb1d elementor-section-boxed elementor-section-height-default elementor-section-height-default\" data-id=\"3babdb1d\" data-element_type=\"section\">\n\t\t\t\t\t\t<div class=\"elementor-container elementor-column-gap-default\">\n\t\t\t\t\t<div class=\"elementor-column elementor-col-33 elementor-top-column elementor-element elementor-element-2c9899ed\" data-id=\"2c9899ed\" data-element_type=\"column\">\n\t\t\t<div class=\"elementor-widget-wrap elementor-element-populated\">\n\t\t\t\t\t\t<div class=\"elementor-element elementor-element-9bc870b elementor-widget elementor-widget-heading\" data-id=\"9bc870b\" data-element_type=\"widget\" data-widget_type=\"heading.default\">\n\t\t\t\t<div class=\"elementor-widget-container\">\n\t\t\t\t\t<h3 class=\"elementor-heading-title elementor-size-default\">Dettagli<\/h3>\t\t\t\t<\/div>\n\t\t\t\t<\/div>\n\t\t\t\t<div class=\"elementor-element elementor-element-56e8525 elementor-widget elementor-widget-text-editor\" data-id=\"56e8525\" data-element_type=\"widget\" data-widget_type=\"text-editor.default\">\n\t\t\t\t<div class=\"elementor-widget-container\">\n\t\t\t\t\t\t\t\t\t<p style=\"text-align: left;\">Collana 100 cm in argento con 4 pumi micro<\/p>\t\t\t\t\t\t\t\t<\/div>\n\t\t\t\t<\/div>\n\t\t\t\t\t<\/div>\n\t\t<\/div>\n\t\t\t\t<div class=\"elementor-column elementor-col-33 elementor-top-column elementor-element elementor-element-5dc5f243\" data-id=\"5dc5f243\" data-element_type=\"column\">\n\t\t\t<div class=\"elementor-widget-wrap elementor-element-populated\">\n\t\t\t\t\t\t<div class=\"elementor-element elementor-element-f8f489d elementor-icon-list--layout-traditional elementor-list-item-link-full_width elementor-widget elementor-widget-icon-list\" data-id=\"f8f489d\" data-element_type=\"widget\" data-widget_type=\"icon-list.default\">\n\t\t\t\t<div class=\"elementor-widget-container\">\n\t\t\t\t\t\t\t<ul class=\"elementor-icon-list-items\">\n\t\t\t\t\t\t\t<li class=\"elementor-icon-list-item\">\n\t\t\t\t\t\t\t\t\t\t\t<span class=\"elementor-icon-list-icon\">\n\t\t\t\t\t\t\t<i aria-hidden=\"true\" class=\"fas fa-eye\"><\/i>\t\t\t\t\t\t<\/span>\n\t\t\t\t\t\t\t\t\t\t<span class=\"elementor-icon-list-text\"><b>Categoria:<\/b><br>Collane<\/span>\n\t\t\t\t\t\t\t\t\t<\/li>\n\t\t\t\t\t\t\t\t<li class=\"elementor-icon-list-item\">\n\t\t\t\t\t\t\t\t\t\t\t<span class=\"elementor-icon-list-icon\">\n\t\t\t\t\t\t\t<i aria-hidden=\"true\" class=\"fas fa-paint-brush\"><\/i>\t\t\t\t\t\t<\/span>\n\t\t\t\t\t\t\t\t\t\t<span class=\"elementor-icon-list-text\"><b>Finitura:<\/b><br>Lucida<\/span>\n\t\t\t\t\t\t\t\t\t<\/li>\n\t\t\t\t\t\t\t\t<li class=\"elementor-icon-list-item\">\n\t\t\t\t\t\t\t\t\t\t\t<span class=\"elementor-icon-list-icon\">\n\t\t\t\t\t\t\t<i aria-hidden=\"true\" class=\"fas fa-circle-notch\"><\/i>\t\t\t\t\t\t<\/span>\n\t\t\t\t\t\t\t\t\t\t<span class=\"elementor-icon-list-text\"><b>Materiale:<\/b><br>Argento<\/span>\n\t\t\t\t\t\t\t\t\t<\/li>\n\t\t\t\t\t\t<\/ul>\n\t\t\t\t\t\t<\/div>\n\t\t\t\t<\/div>\n\t\t\t\t\t<\/div>\n\t\t<\/div>\n\t\t\t\t<div class=\"elementor-column elementor-col-33 elementor-top-column elementor-element elementor-element-dcccc77\" data-id=\"dcccc77\" data-element_type=\"column\" data-settings=\"{&quot;background_background&quot;:&quot;classic&quot;}\">\n\t\t\t<div class=\"elementor-widget-wrap elementor-element-populated\">\n\t\t\t\t\t\t<div class=\"elementor-element elementor-element-4b2e1645 elementor-widget elementor-widget-heading\" data-id=\"4b2e1645\" data-element_type=\"widget\" data-widget_type=\"heading.default\">\n\t\t\t\t<div class=\"elementor-widget-container\">\n\t\t\t\t\t<h3 class=\"elementor-heading-title elementor-size-default\">Storia:<\/h3>\t\t\t\t<\/div>\n\t\t\t\t<\/div>\n\t\t\t\t<div class=\"elementor-element elementor-element-7da0e2f4 elementor-widget elementor-widget-text-editor\" data-id=\"7da0e2f4\" data-element_type=\"widget\" data-widget_type=\"text-editor.default\">\n\t\t\t\t<div class=\"elementor-widget-container\">\n\t\t\t\t\t\t\t\t\t<p style=\"text-align: left;\">La sua forma di bocciolo rappresenta, il nuovo che sta per sbocciare, simboleggia abbondanza, prosperit\u00e0, difesa dal male, fertilit\u00e0 e novit\u00e0.<br \/><br \/><\/p><p style=\"text-align: left;\"><em>Its shape represents a flower blossom. <\/em><em>It is associated to Pomona, the roman goddess of fruit trees, symbol of prosperity, wellness, in defence of evil. <\/em><em>Pomo is a symbol of good fortune.<\/em><\/p>\t\t\t\t\t\t\t\t<\/div>\n\t\t\t\t<\/div>\n\t\t\t\t\t<\/div>\n\t\t<\/div>\n\t\t\t\t\t<\/div>\n\t\t<\/section>\n\t\t\t\t<\/div>\n\t\t","protected":false},"excerpt":{"rendered":"<p>Dettagli Collana 100 cm in argento con 4 pumi micro Categoria:Collane Finitura:Lucida Materiale:Argento Storia: La sua forma di bocciolo rappresenta, il nuovo che sta per sbocciare, simboleggia abbondanza, prosperit\u00e0, difesa dal male, fertilit\u00e0 e novit\u00e0. Its shape represents a flower blossom. It is associated to Pomona, the roman goddess of fruit trees, symbol of prosperity, [&hellip;]<\/p>\n","protected":false},"featured_media":7215,"template":"","meta":[],"product_brand":[],"product_cat":[57],"product_tag":[],"class_list":{"0":"post-7214","1":"product","2":"type-product","3":"status-publish","4":"has-post-thumbnail","6":"product_cat-collane","7":"pa_colore-argento","8":"pa_finiture-tinta-unita","10":"first","11":"instock","12":"featured","13":"shipping-taxable","14":"purchasable","15":"product-type-simple"},"yoast_head":"<!-- This site is optimized with the Yoast SEO plugin v25.5 - https:\/\/yoast.com\/wordpress\/plugins\/seo\/ -->\n<title>Collana lunga argento con pumi | Pumo Gioiello Pidipumo | Gli originali Pumi Gioiello Pidipumo<\/title>\n<meta name=\"description\" content=\"Fascino ed eleganza per il prodotto: Collana lunga argento con pumi . Acquistalo online.\" \/>\n<meta name=\"robots\" content=\"index, follow, max-snippet:-1, max-image-preview:large, max-video-preview:-1\" \/>\n<link rel=\"canonical\" href=\"https:\/\/www.pidipumo.it\/?product=collana-con-pumi-argento\" \/>\n<meta property=\"og:locale\" content=\"it_IT\" \/>\n<meta property=\"og:type\" content=\"article\" \/>\n<meta property=\"og:title\" content=\"Collana lunga argento con pumi | Pumo Gioiello Pidipumo | Gli originali Pumi Gioiello Pidipumo\" \/>\n<meta property=\"og:description\" content=\"Fascino ed eleganza per il prodotto: Collana lunga argento con pumi . Acquistalo online.\" \/>\n<meta property=\"og:url\" content=\"https:\/\/www.pidipumo.it\/?product=collana-con-pumi-argento\" \/>\n<meta property=\"og:site_name\" content=\"Pumo Gioiello Pidipumo | Gli originali Pumi Gioiello Pidipumo\" \/>\n<meta property=\"article:modified_time\" content=\"2024-01-24T03:33:33+00:00\" \/>\n<meta property=\"og:image\" content=\"https:\/\/www.pidipumo.it\/wp-content\/uploads\/2021\/02\/collana-pumo-argento.jpg\" \/>\n\t<meta property=\"og:image:width\" content=\"2000\" \/>\n\t<meta property=\"og:image:height\" content=\"2000\" \/>\n\t<meta property=\"og:image:type\" content=\"image\/jpeg\" \/>\n<meta name=\"twitter:card\" content=\"summary_large_image\" \/>\n<script type=\"application\/ld+json\" class=\"yoast-schema-graph\">{\"@context\":\"https:\/\/schema.org\",\"@graph\":[{\"@type\":\"WebPage\",\"@id\":\"https:\/\/www.pidipumo.it\/?product=collana-con-pumi-argento\",\"url\":\"https:\/\/www.pidipumo.it\/?product=collana-con-pumi-argento\",\"name\":\"Collana lunga argento con pumi | Pumo Gioiello Pidipumo | Gli originali Pumi Gioiello Pidipumo\",\"isPartOf\":{\"@id\":\"https:\/\/www.pidipumo.it\/#website\"},\"primaryImageOfPage\":{\"@id\":\"https:\/\/www.pidipumo.it\/?product=collana-con-pumi-argento#primaryimage\"},\"image\":{\"@id\":\"https:\/\/www.pidipumo.it\/?product=collana-con-pumi-argento#primaryimage\"},\"thumbnailUrl\":\"https:\/\/www.pidipumo.it\/wp-content\/uploads\/2021\/02\/collana-pumo-argento.jpg\",\"datePublished\":\"2021-02-25T11:31:37+00:00\",\"dateModified\":\"2024-01-24T03:33:33+00:00\",\"description\":\"Fascino ed eleganza per il prodotto: Collana lunga argento con pumi . Acquistalo online.\",\"breadcrumb\":{\"@id\":\"https:\/\/www.pidipumo.it\/?product=collana-con-pumi-argento#breadcrumb\"},\"inLanguage\":\"it-IT\",\"potentialAction\":[{\"@type\":\"ReadAction\",\"target\":[\"https:\/\/www.pidipumo.it\/?product=collana-con-pumi-argento\"]}]},{\"@type\":\"ImageObject\",\"inLanguage\":\"it-IT\",\"@id\":\"https:\/\/www.pidipumo.it\/?product=collana-con-pumi-argento#primaryimage\",\"url\":\"https:\/\/www.pidipumo.it\/wp-content\/uploads\/2021\/02\/collana-pumo-argento.jpg\",\"contentUrl\":\"https:\/\/www.pidipumo.it\/wp-content\/uploads\/2021\/02\/collana-pumo-argento.jpg\",\"width\":2000,\"height\":2000},{\"@type\":\"BreadcrumbList\",\"@id\":\"https:\/\/www.pidipumo.it\/?product=collana-con-pumi-argento#breadcrumb\",\"itemListElement\":[{\"@type\":\"ListItem\",\"position\":1,\"name\":\"Home\",\"item\":\"https:\/\/www.pidipumo.it\/\"},{\"@type\":\"ListItem\",\"position\":2,\"name\":\"Shop\",\"item\":\"https:\/\/www.pidipumo.it\/?page_id=9\"},{\"@type\":\"ListItem\",\"position\":3,\"name\":\"Collana lunga argento con pumi\"}]},{\"@type\":\"WebSite\",\"@id\":\"https:\/\/www.pidipumo.it\/#website\",\"url\":\"https:\/\/www.pidipumo.it\/\",\"name\":\"Pumo Gioiello Pidipumo | Gli originali Pumi Gioiello Pidipumo\",\"description\":\"Pidipumo \u00e8 il pumo gioiello portafortuna. Una collezione di ciondoli, orecchini, collane, bracciali e anelli da regalare e da regalarti\",\"publisher\":{\"@id\":\"https:\/\/www.pidipumo.it\/#organization\"},\"potentialAction\":[{\"@type\":\"SearchAction\",\"target\":{\"@type\":\"EntryPoint\",\"urlTemplate\":\"https:\/\/www.pidipumo.it\/?s={search_term_string}\"},\"query-input\":{\"@type\":\"PropertyValueSpecification\",\"valueRequired\":true,\"valueName\":\"search_term_string\"}}],\"inLanguage\":\"it-IT\"},{\"@type\":\"Organization\",\"@id\":\"https:\/\/www.pidipumo.it\/#organization\",\"name\":\"Pumi Gioiello Pidipumo | Il Pumo pugliese portafortuna\",\"url\":\"https:\/\/www.pidipumo.it\/\",\"logo\":{\"@type\":\"ImageObject\",\"inLanguage\":\"it-IT\",\"@id\":\"https:\/\/www.pidipumo.it\/#\/schema\/logo\/image\/\",\"url\":\"https:\/\/www.pidipumo.it\/wp-content\/uploads\/2022\/11\/logo-pidipumo-hi.png\",\"contentUrl\":\"https:\/\/www.pidipumo.it\/wp-content\/uploads\/2022\/11\/logo-pidipumo-hi.png\",\"width\":500,\"height\":122,\"caption\":\"Pumi Gioiello Pidipumo | Il Pumo pugliese portafortuna\"},\"image\":{\"@id\":\"https:\/\/www.pidipumo.it\/#\/schema\/logo\/image\/\"}}]}<\/script>\n<!-- \/ Yoast SEO plugin. -->","yoast_head_json":{"title":"Collana lunga argento con pumi | Pumo Gioiello Pidipumo | Gli originali Pumi Gioiello Pidipumo","description":"Fascino ed eleganza per il prodotto: Collana lunga argento con pumi . Acquistalo online.","robots":{"index":"index","follow":"follow","max-snippet":"max-snippet:-1","max-image-preview":"max-image-preview:large","max-video-preview":"max-video-preview:-1"},"canonical":"https:\/\/www.pidipumo.it\/?product=collana-con-pumi-argento","og_locale":"it_IT","og_type":"article","og_title":"Collana lunga argento con pumi | Pumo Gioiello Pidipumo | Gli originali Pumi Gioiello Pidipumo","og_description":"Fascino ed eleganza per il prodotto: Collana lunga argento con pumi . Acquistalo online.","og_url":"https:\/\/www.pidipumo.it\/?product=collana-con-pumi-argento","og_site_name":"Pumo Gioiello Pidipumo | Gli originali Pumi Gioiello Pidipumo","article_modified_time":"2024-01-24T03:33:33+00:00","og_image":[{"width":2000,"height":2000,"url":"https:\/\/www.pidipumo.it\/wp-content\/uploads\/2021\/02\/collana-pumo-argento.jpg","type":"image\/jpeg"}],"twitter_card":"summary_large_image","schema":{"@context":"https:\/\/schema.org","@graph":[{"@type":"WebPage","@id":"https:\/\/www.pidipumo.it\/?product=collana-con-pumi-argento","url":"https:\/\/www.pidipumo.it\/?product=collana-con-pumi-argento","name":"Collana lunga argento con pumi | Pumo Gioiello Pidipumo | Gli originali Pumi Gioiello Pidipumo","isPartOf":{"@id":"https:\/\/www.pidipumo.it\/#website"},"primaryImageOfPage":{"@id":"https:\/\/www.pidipumo.it\/?product=collana-con-pumi-argento#primaryimage"},"image":{"@id":"https:\/\/www.pidipumo.it\/?product=collana-con-pumi-argento#primaryimage"},"thumbnailUrl":"https:\/\/www.pidipumo.it\/wp-content\/uploads\/2021\/02\/collana-pumo-argento.jpg","datePublished":"2021-02-25T11:31:37+00:00","dateModified":"2024-01-24T03:33:33+00:00","description":"Fascino ed eleganza per il prodotto: Collana lunga argento con pumi . Acquistalo online.","breadcrumb":{"@id":"https:\/\/www.pidipumo.it\/?product=collana-con-pumi-argento#breadcrumb"},"inLanguage":"it-IT","potentialAction":[{"@type":"ReadAction","target":["https:\/\/www.pidipumo.it\/?product=collana-con-pumi-argento"]}]},{"@type":"ImageObject","inLanguage":"it-IT","@id":"https:\/\/www.pidipumo.it\/?product=collana-con-pumi-argento#primaryimage","url":"https:\/\/www.pidipumo.it\/wp-content\/uploads\/2021\/02\/collana-pumo-argento.jpg","contentUrl":"https:\/\/www.pidipumo.it\/wp-content\/uploads\/2021\/02\/collana-pumo-argento.jpg","width":2000,"height":2000},{"@type":"BreadcrumbList","@id":"https:\/\/www.pidipumo.it\/?product=collana-con-pumi-argento#breadcrumb","itemListElement":[{"@type":"ListItem","position":1,"name":"Home","item":"https:\/\/www.pidipumo.it\/"},{"@type":"ListItem","position":2,"name":"Shop","item":"https:\/\/www.pidipumo.it\/?page_id=9"},{"@type":"ListItem","position":3,"name":"Collana lunga argento con pumi"}]},{"@type":"WebSite","@id":"https:\/\/www.pidipumo.it\/#website","url":"https:\/\/www.pidipumo.it\/","name":"Pumo Gioiello Pidipumo | Gli originali Pumi Gioiello Pidipumo","description":"Pidipumo \u00e8 il pumo gioiello portafortuna. Una collezione di ciondoli, orecchini, collane, bracciali e anelli da regalare e da regalarti","publisher":{"@id":"https:\/\/www.pidipumo.it\/#organization"},"potentialAction":[{"@type":"SearchAction","target":{"@type":"EntryPoint","urlTemplate":"https:\/\/www.pidipumo.it\/?s={search_term_string}"},"query-input":{"@type":"PropertyValueSpecification","valueRequired":true,"valueName":"search_term_string"}}],"inLanguage":"it-IT"},{"@type":"Organization","@id":"https:\/\/www.pidipumo.it\/#organization","name":"Pumi Gioiello Pidipumo | Il Pumo pugliese portafortuna","url":"https:\/\/www.pidipumo.it\/","logo":{"@type":"ImageObject","inLanguage":"it-IT","@id":"https:\/\/www.pidipumo.it\/#\/schema\/logo\/image\/","url":"https:\/\/www.pidipumo.it\/wp-content\/uploads\/2022\/11\/logo-pidipumo-hi.png","contentUrl":"https:\/\/www.pidipumo.it\/wp-content\/uploads\/2022\/11\/logo-pidipumo-hi.png","width":500,"height":122,"caption":"Pumi Gioiello Pidipumo | Il Pumo pugliese portafortuna"},"image":{"@id":"https:\/\/www.pidipumo.it\/#\/schema\/logo\/image\/"}}]}},"_links":{"self":[{"href":"https:\/\/www.pidipumo.it\/index.php?rest_route=\/wp\/v2\/product\/7214","targetHints":{"allow":["GET"]}}],"collection":[{"href":"https:\/\/www.pidipumo.it\/index.php?rest_route=\/wp\/v2\/product"}],"about":[{"href":"https:\/\/www.pidipumo.it\/index.php?rest_route=\/wp\/v2\/types\/product"}],"version-history":[{"count":0,"href":"https:\/\/www.pidipumo.it\/index.php?rest_route=\/wp\/v2\/product\/7214\/revisions"}],"wp:featuredmedia":[{"embeddable":true,"href":"https:\/\/www.pidipumo.it\/index.php?rest_route=\/wp\/v2\/media\/7215"}],"wp:attachment":[{"href":"https:\/\/www.pidipumo.it\/index.php?rest_route=%2Fwp%2Fv2%2Fmedia&parent=7214"}],"wp:term":[{"taxonomy":"product_brand","embeddable":true,"href":"https:\/\/www.pidipumo.it\/index.php?rest_route=%2Fwp%2Fv2%2Fproduct_brand&post=7214"},{"taxonomy":"product_cat","embeddable":true,"href":"https:\/\/www.pidipumo.it\/index.php?rest_route=%2Fwp%2Fv2%2Fproduct_cat&post=7214"},{"taxonomy":"product_tag","embeddable":true,"href":"https:\/\/www.pidipumo.it\/index.php?rest_route=%2Fwp%2Fv2%2Fproduct_tag&post=7214"}],"curies":[{"name":"wp","href":"https:\/\/api.w.org\/{rel}","templated":true}]}}